{"id":4627,"date":"2025-02-21T10:09:58","date_gmt":"2025-02-21T10:09:58","guid":{"rendered":"https:\/\/blog.demonia.com\/evenements\/"},"modified":"2025-03-04T12:45:54","modified_gmt":"2025-03-04T11:45:54","slug":"soirees-bdsm","status":"publish","type":"page","link":"https:\/\/blog.demonia.com\/soirees-bdsm\/","title":{"rendered":"Soir\u00e9es &amp; \u00c9v\u00e9nements BDSM"},"content":{"rendered":"\t\t<div data-elementor-type=\"wp-page\" data-elementor-id=\"4627\" class=\"elementor elementor-4627\" data-elementor-post-type=\"page\">\n\t\t\t\t<div class=\"elementor-element elementor-element-3154a20 e-flex e-con-boxed e-con e-parent\" data-id=\"3154a20\" data-element_type=\"container\">\n\t\t\t\t\t<div class=\"e-con-inner\">\n\t\t<div class=\"elementor-element elementor-element-c0033bc e-grid e-con-full e-con e-child\" data-id=\"c0033bc\" data-element_type=\"container\" data-settings=\"{&quot;background_background&quot;:&quot;classic&quot;}\">\n\t\t\t\t<div class=\"elementor-element elementor-element-e8c56a3 elementor-widget-mobile__width-initial elementor-widget elementor-widget-heading\" data-id=\"e8c56a3\" data-element_type=\"widget\" data-widget_type=\"heading.default\">\n\t\t\t\t<div class=\"elementor-widget-container\">\n\t\t\t\t\t<h2 class=\"elementor-heading-title elementor-size-default\">Toute l'actualit\u00e9 et conseils sur les pratiques BDSM<\/h2>\t\t\t\t<\/div>\n\t\t\t\t<\/div>\n\t\t\t\t<div class=\"elementor-element elementor-element-3809142 elementor-widget-mobile__width-initial elementor-widget elementor-widget-text-editor\" data-id=\"3809142\" data-element_type=\"widget\" data-widget_type=\"text-editor.default\">\n\t\t\t\t<div class=\"elementor-widget-container\">\n\t\t\t\t\t\t\t\t\t<p>Explorez vos fantasmes dans le monde captivant du BDSM avec D\u00e8monia. D\u00e8monia est votre guide vers l&rsquo;exploration et la satisfaction totale. D\u00e9couvrez de nouvelles pratiques BDSM avec confiance. Des conseils pratiques aux derni\u00e8res tendances. Donnez de l&rsquo;\u00e9lan \u00e0 votre vie sexuelle en explorant vos c\u00f4t\u00e9s les plus audacieux.<\/p>\t\t\t\t\t\t\t\t<\/div>\n\t\t\t\t<\/div>\n\t\t\t\t<\/div>\n\t\t\t\t\t<\/div>\n\t\t\t\t<\/div>\n\t\t\t\t<\/div>\n\t\t","protected":false},"excerpt":{"rendered":"<p>CONTENTS<\/p>\n","protected":false},"author":3,"featured_media":0,"parent":0,"menu_order":0,"comment_status":"closed","ping_status":"open","template":"","meta":{"footnotes":""},"class_list":["post-4627","page","type-page","status-publish","hentry"],"yoast_head":"<!-- This site is optimized with the Yoast SEO plugin v24.7 - https:\/\/yoast.com\/wordpress\/plugins\/seo\/ -->\n<title>Soir\u00e9es &amp; \u00c9v\u00e9nements BDSM - Pratiques et accessoires BDSM - D\u00e8monia<\/title>\n<meta name=\"description\" content=\"Retrouvez toutes les soir\u00e9es BDSM organis\u00e9es par la marque D\u00e8monia. Soir\u00e9es, ateliers ou les nuits D\u00e8monia,\" \/>\n<meta name=\"robots\" content=\"index, follow, max-snippet:-1, max-image-preview:large, max-video-preview:-1\" \/>\n<link rel=\"canonical\" href=\"https:\/\/blog.demonia.com\/soirees-bdsm\/\" \/>\n<meta property=\"og:locale\" content=\"fr_FR\" \/>\n<meta property=\"og:type\" content=\"article\" \/>\n<meta property=\"og:title\" content=\"Soir\u00e9es &amp; \u00c9v\u00e9nements BDSM - Pratiques et accessoires BDSM - D\u00e8monia\" \/>\n<meta property=\"og:description\" content=\"Retrouvez toutes les soir\u00e9es BDSM organis\u00e9es par la marque D\u00e8monia. Soir\u00e9es, ateliers ou les nuits D\u00e8monia,\" \/>\n<meta property=\"og:url\" content=\"https:\/\/blog.demonia.com\/soirees-bdsm\/\" \/>\n<meta property=\"og:site_name\" content=\"Pratiques et accessoires BDSM - D\u00e8monia\" \/>\n<meta property=\"article:modified_time\" content=\"2025-03-04T11:45:54+00:00\" \/>\n<meta name=\"twitter:card\" content=\"summary_large_image\" \/>\n<meta name=\"twitter:label1\" content=\"Dur\u00e9e de lecture estim\u00e9e\" \/>\n\t<meta name=\"twitter:data1\" content=\"1 minute\" \/>\n<script type=\"application\/ld+json\" class=\"yoast-schema-graph\">{\"@context\":\"https:\/\/schema.org\",\"@graph\":[{\"@type\":\"WebPage\",\"@id\":\"https:\/\/blog.demonia.com\/soirees-bdsm\/\",\"url\":\"https:\/\/blog.demonia.com\/soirees-bdsm\/\",\"name\":\"Soir\u00e9es &amp; \u00c9v\u00e9nements BDSM - Pratiques et accessoires BDSM - D\u00e8monia\",\"isPartOf\":{\"@id\":\"https:\/\/blog.demonia.com\/#website\"},\"datePublished\":\"2025-02-21T10:09:58+00:00\",\"dateModified\":\"2025-03-04T11:45:54+00:00\",\"description\":\"Retrouvez toutes les soir\u00e9es BDSM organis\u00e9es par la marque D\u00e8monia. Soir\u00e9es, ateliers ou les nuits D\u00e8monia,\",\"breadcrumb\":{\"@id\":\"https:\/\/blog.demonia.com\/soirees-bdsm\/#breadcrumb\"},\"inLanguage\":\"fr-FR\",\"potentialAction\":[{\"@type\":\"ReadAction\",\"target\":[\"https:\/\/blog.demonia.com\/soirees-bdsm\/\"]}]},{\"@type\":\"BreadcrumbList\",\"@id\":\"https:\/\/blog.demonia.com\/soirees-bdsm\/#breadcrumb\",\"itemListElement\":[{\"@type\":\"ListItem\",\"position\":1,\"name\":\"D\u00e8monia Blog\",\"item\":\"https:\/\/blog.demonia.com\/\"},{\"@type\":\"ListItem\",\"position\":2,\"name\":\"Soir\u00e9es &amp; \u00c9v\u00e9nements BDSM\"}]},{\"@type\":\"WebSite\",\"@id\":\"https:\/\/blog.demonia.com\/#website\",\"url\":\"https:\/\/blog.demonia.com\/\",\"name\":\"Pratiques et accessoires BDSM - D\u00e8monia\",\"description\":\"\",\"publisher\":{\"@id\":\"https:\/\/blog.demonia.com\/#organization\"},\"potentialAction\":[{\"@type\":\"SearchAction\",\"target\":{\"@type\":\"EntryPoint\",\"urlTemplate\":\"https:\/\/blog.demonia.com\/?s={search_term_string}\"},\"query-input\":{\"@type\":\"PropertyValueSpecification\",\"valueRequired\":true,\"valueName\":\"search_term_string\"}}],\"inLanguage\":\"fr-FR\"},{\"@type\":\"Organization\",\"@id\":\"https:\/\/blog.demonia.com\/#organization\",\"name\":\"Pratiques et accessoires BDSM - D\u00e8monia\",\"url\":\"https:\/\/blog.demonia.com\/\",\"logo\":{\"@type\":\"ImageObject\",\"inLanguage\":\"fr-FR\",\"@id\":\"https:\/\/blog.demonia.com\/#\/schema\/logo\/image\/\",\"url\":\"https:\/\/blog.demonia.com\/wp-content\/uploads\/2024\/02\/demonia-logo-blanc.svg\",\"contentUrl\":\"https:\/\/blog.demonia.com\/wp-content\/uploads\/2024\/02\/demonia-logo-blanc.svg\",\"width\":202,\"height\":42,\"caption\":\"Pratiques et accessoires BDSM - D\u00e8monia\"},\"image\":{\"@id\":\"https:\/\/blog.demonia.com\/#\/schema\/logo\/image\/\"}}]}<\/script>\n<!-- \/ Yoast SEO plugin. -->","yoast_head_json":{"title":"Soir\u00e9es &amp; \u00c9v\u00e9nements BDSM - Pratiques et accessoires BDSM - D\u00e8monia","description":"Retrouvez toutes les soir\u00e9es BDSM organis\u00e9es par la marque D\u00e8monia. Soir\u00e9es, ateliers ou les nuits D\u00e8monia,","robots":{"index":"index","follow":"follow","max-snippet":"max-snippet:-1","max-image-preview":"max-image-preview:large","max-video-preview":"max-video-preview:-1"},"canonical":"https:\/\/blog.demonia.com\/soirees-bdsm\/","og_locale":"fr_FR","og_type":"article","og_title":"Soir\u00e9es &amp; \u00c9v\u00e9nements BDSM - Pratiques et accessoires BDSM - D\u00e8monia","og_description":"Retrouvez toutes les soir\u00e9es BDSM organis\u00e9es par la marque D\u00e8monia. Soir\u00e9es, ateliers ou les nuits D\u00e8monia,","og_url":"https:\/\/blog.demonia.com\/soirees-bdsm\/","og_site_name":"Pratiques et accessoires BDSM - D\u00e8monia","article_modified_time":"2025-03-04T11:45:54+00:00","twitter_card":"summary_large_image","twitter_misc":{"Dur\u00e9e de lecture estim\u00e9e":"1 minute"},"schema":{"@context":"https:\/\/schema.org","@graph":[{"@type":"WebPage","@id":"https:\/\/blog.demonia.com\/soirees-bdsm\/","url":"https:\/\/blog.demonia.com\/soirees-bdsm\/","name":"Soir\u00e9es &amp; \u00c9v\u00e9nements BDSM - Pratiques et accessoires BDSM - D\u00e8monia","isPartOf":{"@id":"https:\/\/blog.demonia.com\/#website"},"datePublished":"2025-02-21T10:09:58+00:00","dateModified":"2025-03-04T11:45:54+00:00","description":"Retrouvez toutes les soir\u00e9es BDSM organis\u00e9es par la marque D\u00e8monia. Soir\u00e9es, ateliers ou les nuits D\u00e8monia,","breadcrumb":{"@id":"https:\/\/blog.demonia.com\/soirees-bdsm\/#breadcrumb"},"inLanguage":"fr-FR","potentialAction":[{"@type":"ReadAction","target":["https:\/\/blog.demonia.com\/soirees-bdsm\/"]}]},{"@type":"BreadcrumbList","@id":"https:\/\/blog.demonia.com\/soirees-bdsm\/#breadcrumb","itemListElement":[{"@type":"ListItem","position":1,"name":"D\u00e8monia Blog","item":"https:\/\/blog.demonia.com\/"},{"@type":"ListItem","position":2,"name":"Soir\u00e9es &amp; \u00c9v\u00e9nements BDSM"}]},{"@type":"WebSite","@id":"https:\/\/blog.demonia.com\/#website","url":"https:\/\/blog.demonia.com\/","name":"Pratiques et accessoires BDSM - D\u00e8monia","description":"","publisher":{"@id":"https:\/\/blog.demonia.com\/#organization"},"potentialAction":[{"@type":"SearchAction","target":{"@type":"EntryPoint","urlTemplate":"https:\/\/blog.demonia.com\/?s={search_term_string}"},"query-input":{"@type":"PropertyValueSpecification","valueRequired":true,"valueName":"search_term_string"}}],"inLanguage":"fr-FR"},{"@type":"Organization","@id":"https:\/\/blog.demonia.com\/#organization","name":"Pratiques et accessoires BDSM - D\u00e8monia","url":"https:\/\/blog.demonia.com\/","logo":{"@type":"ImageObject","inLanguage":"fr-FR","@id":"https:\/\/blog.demonia.com\/#\/schema\/logo\/image\/","url":"https:\/\/blog.demonia.com\/wp-content\/uploads\/2024\/02\/demonia-logo-blanc.svg","contentUrl":"https:\/\/blog.demonia.com\/wp-content\/uploads\/2024\/02\/demonia-logo-blanc.svg","width":202,"height":42,"caption":"Pratiques et accessoires BDSM - D\u00e8monia"},"image":{"@id":"https:\/\/blog.demonia.com\/#\/schema\/logo\/image\/"}}]}},"_links":{"self":[{"href":"https:\/\/blog.demonia.com\/wp-json\/wp\/v2\/pages\/4627","targetHints":{"allow":["GET"]}}],"collection":[{"href":"https:\/\/blog.demonia.com\/wp-json\/wp\/v2\/pages"}],"about":[{"href":"https:\/\/blog.demonia.com\/wp-json\/wp\/v2\/types\/page"}],"author":[{"embeddable":true,"href":"https:\/\/blog.demonia.com\/wp-json\/wp\/v2\/users\/3"}],"replies":[{"embeddable":true,"href":"https:\/\/blog.demonia.com\/wp-json\/wp\/v2\/comments?post=4627"}],"version-history":[{"count":12,"href":"https:\/\/blog.demonia.com\/wp-json\/wp\/v2\/pages\/4627\/revisions"}],"predecessor-version":[{"id":4902,"href":"https:\/\/blog.demonia.com\/wp-json\/wp\/v2\/pages\/4627\/revisions\/4902"}],"wp:attachment":[{"href":"https:\/\/blog.demonia.com\/wp-json\/wp\/v2\/media?parent=4627"}],"curies":[{"name":"wp","href":"https:\/\/api.w.org\/{rel}","templated":true}]}}